{"id":2013,"date":"2016-02-23T14:20:21","date_gmt":"2016-02-23T14:20:21","guid":{"rendered":"http:\/\/demo.themelogi.com\/navian\/?page_id=2013"},"modified":"2023-08-23T22:54:58","modified_gmt":"2023-08-23T22:54:58","slug":"home","status":"publish","type":"page","link":"https:\/\/cicloescritoresnorte.com\/","title":{"rendered":"Ciclo de escritores del norte"},"content":{"rendered":"<div class=\"wpb-content-wrapper\"><p>[vc_row full_width=\u00bbstretch_row\u00bb][vc_column]<section style=\"background-color:#f6f6f8;\" id=\"single-69e1c23b92e50\" class=\"header-single vertical-flex m0 image-bg parallax pt180 pb180 pt-xs-80 pb-xs-80\" ><div class=\"background-content \"><img loading=\"lazy\" decoding=\"async\" width=\"960\" height=\"562\" src=\"https:\/\/cicloescritoresnorte.com\/wp-content\/uploads\/2020\/12\/62242459_599722113854830_2440126776630837248_n.jpg\" class=\"background-image\" alt=\"page-header\" srcset=\"https:\/\/cicloescritoresnorte.com\/wp-content\/uploads\/2020\/12\/62242459_599722113854830_2440126776630837248_n.jpg 960w, https:\/\/cicloescritoresnorte.com\/wp-content\/uploads\/2020\/12\/62242459_599722113854830_2440126776630837248_n-600x351.jpg 600w, https:\/\/cicloescritoresnorte.com\/wp-content\/uploads\/2020\/12\/62242459_599722113854830_2440126776630837248_n-300x176.jpg 300w, https:\/\/cicloescritoresnorte.com\/wp-content\/uploads\/2020\/12\/62242459_599722113854830_2440126776630837248_n-768x450.jpg 768w\" sizes=\"(max-width: 960px) 100vw, 960px\" \/><div style=\"background-color:#1e73be; opacity:0.85;background: linear-gradient(125deg,#1e73be,#0066bf);opacity:0.8!important;\" class=\"background-overlay\"><\/div><\/div><div  class=\"container vertical-flex-column item-content \">\n\t\t\t            <div class=\"row\"><div class=\"standard-slide p0 col-lg-12 col-lg-offset-0 col-md-10 col-md-offset-1 col-sm-12 text-center\"><div style=\"text-shadow:none;font-size:16px;line-height:21px;letter-spacing:4px!important;text-transform: uppercase!important;background-color:#ffffff; padding: 8px 20px; display: inline-block;\" class=\"lead \"><strong><cite>Bienvenidos\/as<\/cite><\/strong><\/div><div style=\"text-shadow:none;text-transform: none!important;\" class=\"heading-content\"><p>El Ciclo de Escritores &amp; Creadores del Norte es un programa de entrevistas para la difusi\u00f3n de la obra de escritores y escritoras, editores y editoras literarios, y todos aquellos y aquellas que tienen relaci\u00f3n con el ecosistema del libro y la literatura, y que viven o nacieron en el norte de Chile. Busca tambi\u00e9n ser un archivo audiovisual de autores y autoras como material educativo.<\/p>\n<\/div>\n                <\/div><\/div><\/div><\/section>[\/vc_column][\/vc_row][vc_row tlg_background_style=\u00bbbg-dark\u00bb tlg_padding=\u00bbpb0&#8243; el_id=\u00bbmain\u00bb css=\u00bb.vc_custom_1606492935160{background-color: #1e73be !important;}\u00bb][vc_column]<section class=\"projects\"><div class=\"container grid-4col\"><div class=\"row\"><div class=\"col-sm-12\"><ul class=\"filters filter-none mb0 pb40\" data-project-id=\"project-69e1c23b95acb\">\n\t\t    \t\t<li class=\"filter active\" data-group=\"*\"><a href=\"#\">All<\/a><\/li><li class=\"filter\" data-group=\".9b471df51721bc6f88da39893fdf93d0\"><a href=\"#\">Cuarto Ciclo<\/a><\/li><li class=\"filter\" data-group=\".0a06ddbc969a0d09290ddbc4627748a3\"><a href=\"#\">Tercer Ciclo<\/a><\/li><\/ul><\/div><\/div><div class=\"row masonry-loader\">\n    <div class=\"col-sm-12 text-center\">\n        <div class=\"spinner\"><\/div>\n    <\/div>\n<\/div><div id=\"project-69e1c23b95acb\" class=\"row  masonry masonry-show project-content project-masonry\">\n\t\t\t    \t\t\t\t<div class=\"grid-sizer col-sm-3\"><\/div><div class=\"col-md-3 col-sm-6 masonry-item project project-padding 9b471df51721bc6f88da39893fdf93d0\">\n    <a class=\"zoom-line\" href=\"https:\/\/cicloescritoresnorte.com\/?portfolio=marcela-tapia\">        <div class=\"image-box hover-meta radius-all\">\n            <img loading=\"lazy\" decoding=\"async\" width=\"600\" height=\"450\" src=\"https:\/\/cicloescritoresnorte.com\/wp-content\/uploads\/2021\/02\/146677813_226088202500244_5103129421810401339_o-600x450.jpg\" class=\"background-image wp-post-image\" alt=\"\" srcset=\"https:\/\/cicloescritoresnorte.com\/wp-content\/uploads\/2021\/02\/146677813_226088202500244_5103129421810401339_o-600x450.jpg 600w, https:\/\/cicloescritoresnorte.com\/wp-content\/uploads\/2021\/02\/146677813_226088202500244_5103129421810401339_o-960x720.jpg 960w\" sizes=\"(max-width: 600px) 100vw, 600px\" \/>            <span class=\"overlay-default\"><\/span>\n            <span class=\"plus-icon\"><\/span>\n            <div class=\"meta-caption overlay-smaller radius-all\">\n                <h4 class=\"color-white to-top mt0 mb0\">Marcela Tapia Ladino<\/h4>\n                <h5 class=\"color-white to-top-after\">Cuarto Ciclo<\/h5>\n            <\/div>\n        <\/div>\n    <\/a><\/div><div class=\"col-md-3 col-sm-6 masonry-item project project-padding 9b471df51721bc6f88da39893fdf93d0\">\n    <a class=\"zoom-line\" href=\"https:\/\/cicloescritoresnorte.com\/?portfolio=soledad-farina-vicuna-copy\">        <div class=\"image-box hover-meta radius-all\">\n            <img loading=\"lazy\" decoding=\"async\" width=\"600\" height=\"450\" src=\"https:\/\/cicloescritoresnorte.com\/wp-content\/uploads\/2021\/01\/142366088_218464553262609_3408858301941674044_o-600x450.jpg\" class=\"background-image wp-post-image\" alt=\"\" srcset=\"https:\/\/cicloescritoresnorte.com\/wp-content\/uploads\/2021\/01\/142366088_218464553262609_3408858301941674044_o-600x450.jpg 600w, https:\/\/cicloescritoresnorte.com\/wp-content\/uploads\/2021\/01\/142366088_218464553262609_3408858301941674044_o-960x720.jpg 960w\" sizes=\"(max-width: 600px) 100vw, 600px\" \/>            <span class=\"overlay-default\"><\/span>\n            <span class=\"plus-icon\"><\/span>\n            <div class=\"meta-caption overlay-smaller radius-all\">\n                <h4 class=\"color-white to-top mt0 mb0\">Markos Quisbert<\/h4>\n                <h5 class=\"color-white to-top-after\">Cuarto Ciclo<\/h5>\n            <\/div>\n        <\/div>\n    <\/a><\/div><div class=\"col-md-3 col-sm-6 masonry-item project project-padding 9b471df51721bc6f88da39893fdf93d0\">\n    <a class=\"zoom-line\" href=\"https:\/\/cicloescritoresnorte.com\/?portfolio=soledad-farina-vicuna\">        <div class=\"image-box hover-meta radius-all\">\n            <img loading=\"lazy\" decoding=\"async\" width=\"600\" height=\"450\" src=\"https:\/\/cicloescritoresnorte.com\/wp-content\/uploads\/2021\/01\/banner-rrss-600x450.png\" class=\"background-image wp-post-image\" alt=\"\" srcset=\"https:\/\/cicloescritoresnorte.com\/wp-content\/uploads\/2021\/01\/banner-rrss-600x450.png 600w, https:\/\/cicloescritoresnorte.com\/wp-content\/uploads\/2021\/01\/banner-rrss-960x720.png 960w\" sizes=\"(max-width: 600px) 100vw, 600px\" \/>            <span class=\"overlay-default\"><\/span>\n            <span class=\"plus-icon\"><\/span>\n            <div class=\"meta-caption overlay-smaller radius-all\">\n                <h4 class=\"color-white to-top mt0 mb0\">Soledad Fari\u00f1a Vicu\u00f1a<\/h4>\n                <h5 class=\"color-white to-top-after\">Cuarto Ciclo<\/h5>\n            <\/div>\n        <\/div>\n    <\/a><\/div><div class=\"col-md-3 col-sm-6 masonry-item project project-padding 9b471df51721bc6f88da39893fdf93d0\">\n    <a class=\"zoom-line\" href=\"https:\/\/cicloescritoresnorte.com\/?portfolio=fernando-marttell-camara\">        <div class=\"image-box hover-meta radius-all\">\n            <img loading=\"lazy\" decoding=\"async\" width=\"600\" height=\"450\" src=\"https:\/\/cicloescritoresnorte.com\/wp-content\/uploads\/2021\/01\/WhatsApp-Image-2020-12-26-at-10.59.52-AM-600x450.jpeg\" class=\"background-image wp-post-image\" alt=\"\" srcset=\"https:\/\/cicloescritoresnorte.com\/wp-content\/uploads\/2021\/01\/WhatsApp-Image-2020-12-26-at-10.59.52-AM-600x450.jpeg 600w, https:\/\/cicloescritoresnorte.com\/wp-content\/uploads\/2021\/01\/WhatsApp-Image-2020-12-26-at-10.59.52-AM-960x720.jpeg 960w\" sizes=\"(max-width: 600px) 100vw, 600px\" \/>            <span class=\"overlay-default\"><\/span>\n            <span class=\"plus-icon\"><\/span>\n            <div class=\"meta-caption overlay-smaller radius-all\">\n                <h4 class=\"color-white to-top mt0 mb0\">Fernando Marttell C\u00e1mara<\/h4>\n                <h5 class=\"color-white to-top-after\">Cuarto Ciclo<\/h5>\n            <\/div>\n        <\/div>\n    <\/a><\/div><div class=\"col-md-3 col-sm-6 masonry-item project project-padding 9b471df51721bc6f88da39893fdf93d0\">\n    <a class=\"zoom-line\" href=\"https:\/\/cicloescritoresnorte.com\/?portfolio=lesly-prieto-castillo\">        <div class=\"image-box hover-meta radius-all\">\n            <img loading=\"lazy\" decoding=\"async\" width=\"600\" height=\"450\" src=\"https:\/\/cicloescritoresnorte.com\/wp-content\/uploads\/2020\/12\/les01-600x450.png\" class=\"background-image wp-post-image\" alt=\"\" srcset=\"https:\/\/cicloescritoresnorte.com\/wp-content\/uploads\/2020\/12\/les01-600x450.png 600w, https:\/\/cicloescritoresnorte.com\/wp-content\/uploads\/2020\/12\/les01-960x720.png 960w\" sizes=\"(max-width: 600px) 100vw, 600px\" \/>            <span class=\"overlay-default\"><\/span>\n            <span class=\"plus-icon\"><\/span>\n            <div class=\"meta-caption overlay-smaller radius-all\">\n                <h4 class=\"color-white to-top mt0 mb0\">Lesly Prieto Castillo<\/h4>\n                <h5 class=\"color-white to-top-after\">Cuarto Ciclo<\/h5>\n            <\/div>\n        <\/div>\n    <\/a><\/div><div class=\"col-md-3 col-sm-6 masonry-item project project-padding 9b471df51721bc6f88da39893fdf93d0\">\n    <a class=\"zoom-line\" href=\"https:\/\/cicloescritoresnorte.com\/?portfolio=andrea-maluenda-amosson\">        <div class=\"image-box hover-meta radius-all\">\n            <img loading=\"lazy\" decoding=\"async\" width=\"600\" height=\"450\" src=\"https:\/\/cicloescritoresnorte.com\/wp-content\/uploads\/2020\/12\/banner-rrss-1-1-600x450.png\" class=\"background-image wp-post-image\" alt=\"\" srcset=\"https:\/\/cicloescritoresnorte.com\/wp-content\/uploads\/2020\/12\/banner-rrss-1-1-600x450.png 600w, https:\/\/cicloescritoresnorte.com\/wp-content\/uploads\/2020\/12\/banner-rrss-1-1-960x720.png 960w\" sizes=\"(max-width: 600px) 100vw, 600px\" \/>            <span class=\"overlay-default\"><\/span>\n            <span class=\"plus-icon\"><\/span>\n            <div class=\"meta-caption overlay-smaller radius-all\">\n                <h4 class=\"color-white to-top mt0 mb0\">Andrea Maluenda Amosson<\/h4>\n                <h5 class=\"color-white to-top-after\">Cuarto Ciclo<\/h5>\n            <\/div>\n        <\/div>\n    <\/a><\/div><div class=\"col-md-3 col-sm-6 masonry-item project project-padding 9b471df51721bc6f88da39893fdf93d0\">\n    <a class=\"zoom-line\" href=\"https:\/\/cicloescritoresnorte.com\/?portfolio=rodrigo-ramos-banados\">        <div class=\"image-box hover-meta radius-all\">\n            <img loading=\"lazy\" decoding=\"async\" width=\"600\" height=\"450\" src=\"https:\/\/cicloescritoresnorte.com\/wp-content\/uploads\/2020\/11\/afiche-cap\u00edtulo-2-.-4\u00b0ciclo-1-600x450.jpg\" class=\"background-image wp-post-image\" alt=\"\" \/>            <span class=\"overlay-default\"><\/span>\n            <span class=\"plus-icon\"><\/span>\n            <div class=\"meta-caption overlay-smaller radius-all\">\n                <h4 class=\"color-white to-top mt0 mb0\">Rodrigo Ramos Ba\u00f1ados<\/h4>\n                <h5 class=\"color-white to-top-after\">Cuarto Ciclo<\/h5>\n            <\/div>\n        <\/div>\n    <\/a><\/div><div class=\"col-md-3 col-sm-6 masonry-item project project-padding 9b471df51721bc6f88da39893fdf93d0\">\n    <a class=\"zoom-line\" href=\"https:\/\/cicloescritoresnorte.com\/?portfolio=daniel-rojas-pachas\">        <div class=\"image-box hover-meta radius-all\">\n            <img loading=\"lazy\" decoding=\"async\" width=\"600\" height=\"450\" src=\"https:\/\/cicloescritoresnorte.com\/wp-content\/uploads\/2020\/11\/afiche-cap\u00edtulo-1-4\u00b0ciclo-600x450.jpg\" class=\"background-image wp-post-image\" alt=\"\" srcset=\"https:\/\/cicloescritoresnorte.com\/wp-content\/uploads\/2020\/11\/afiche-cap\u00edtulo-1-4\u00b0ciclo-600x450.jpg 600w, https:\/\/cicloescritoresnorte.com\/wp-content\/uploads\/2020\/11\/afiche-cap\u00edtulo-1-4\u00b0ciclo-960x720.jpg 960w\" sizes=\"(max-width: 600px) 100vw, 600px\" \/>            <span class=\"overlay-default\"><\/span>\n            <span class=\"plus-icon\"><\/span>\n            <div class=\"meta-caption overlay-smaller radius-all\">\n                <h4 class=\"color-white to-top mt0 mb0\">Daniel Rojas Pachas<\/h4>\n                <h5 class=\"color-white to-top-after\">Cuarto Ciclo<\/h5>\n            <\/div>\n        <\/div>\n    <\/a><\/div><div class=\"col-md-3 col-sm-6 masonry-item project project-padding 0a06ddbc969a0d09290ddbc4627748a3\">\n    <a class=\"zoom-line\" href=\"https:\/\/cicloescritoresnorte.com\/?portfolio=maria-luisa-cordova\">        <div class=\"image-box hover-meta radius-all\">\n            <img loading=\"lazy\" decoding=\"async\" width=\"600\" height=\"450\" src=\"https:\/\/cicloescritoresnorte.com\/wp-content\/uploads\/2020\/11\/mar\u00eda-luisa-c\u00f3rdova-600x450.png\" class=\"background-image wp-post-image\" alt=\"\" srcset=\"https:\/\/cicloescritoresnorte.com\/wp-content\/uploads\/2020\/11\/mar\u00eda-luisa-c\u00f3rdova-600x450.png 600w, https:\/\/cicloescritoresnorte.com\/wp-content\/uploads\/2020\/11\/mar\u00eda-luisa-c\u00f3rdova-960x720.png 960w\" sizes=\"(max-width: 600px) 100vw, 600px\" \/>            <span class=\"overlay-default\"><\/span>\n            <span class=\"plus-icon\"><\/span>\n            <div class=\"meta-caption overlay-smaller radius-all\">\n                <h4 class=\"color-white to-top mt0 mb0\">Mar\u00eda Luisa C\u00f3rdova<\/h4>\n                <h5 class=\"color-white to-top-after\">Tercer Ciclo<\/h5>\n            <\/div>\n        <\/div>\n    <\/a><\/div><div class=\"col-md-3 col-sm-6 masonry-item project project-padding 0a06ddbc969a0d09290ddbc4627748a3\">\n    <a class=\"zoom-line\" href=\"https:\/\/cicloescritoresnorte.com\/?portfolio=rolando-martinez-trabucco\">        <div class=\"image-box hover-meta radius-all\">\n            <img loading=\"lazy\" decoding=\"async\" width=\"600\" height=\"450\" src=\"https:\/\/cicloescritoresnorte.com\/wp-content\/uploads\/2020\/11\/rolando-mart\u00ednez-trabucco-600x450.jpg\" class=\"background-image wp-post-image\" alt=\"\" srcset=\"https:\/\/cicloescritoresnorte.com\/wp-content\/uploads\/2020\/11\/rolando-mart\u00ednez-trabucco-600x450.jpg 600w, https:\/\/cicloescritoresnorte.com\/wp-content\/uploads\/2020\/11\/rolando-mart\u00ednez-trabucco-960x720.jpg 960w\" sizes=\"(max-width: 600px) 100vw, 600px\" \/>            <span class=\"overlay-default\"><\/span>\n            <span class=\"plus-icon\"><\/span>\n            <div class=\"meta-caption overlay-smaller radius-all\">\n                <h4 class=\"color-white to-top mt0 mb0\">Rolando Mart\u00ednez Trabucco<\/h4>\n                <h5 class=\"color-white to-top-after\">Tercer Ciclo<\/h5>\n            <\/div>\n        <\/div>\n    <\/a><\/div><div class=\"col-md-3 col-sm-6 masonry-item project project-padding 0a06ddbc969a0d09290ddbc4627748a3\">\n    <a class=\"zoom-line\" href=\"https:\/\/cicloescritoresnorte.com\/?portfolio=ivan-vera-pinto\">        <div class=\"image-box hover-meta radius-all\">\n            <img loading=\"lazy\" decoding=\"async\" width=\"600\" height=\"450\" src=\"https:\/\/cicloescritoresnorte.com\/wp-content\/uploads\/2020\/11\/iv\u00e1n-vera-pinto-600x450.jpg\" class=\"background-image wp-post-image\" alt=\"\" srcset=\"https:\/\/cicloescritoresnorte.com\/wp-content\/uploads\/2020\/11\/iv\u00e1n-vera-pinto-600x450.jpg 600w, https:\/\/cicloescritoresnorte.com\/wp-content\/uploads\/2020\/11\/iv\u00e1n-vera-pinto-960x720.jpg 960w\" sizes=\"(max-width: 600px) 100vw, 600px\" \/>            <span class=\"overlay-default\"><\/span>\n            <span class=\"plus-icon\"><\/span>\n            <div class=\"meta-caption overlay-smaller radius-all\">\n                <h4 class=\"color-white to-top mt0 mb0\">Iv\u00e1n Vera Pinto<\/h4>\n                <h5 class=\"color-white to-top-after\">Tercer Ciclo<\/h5>\n            <\/div>\n        <\/div>\n    <\/a><\/div><div class=\"col-md-3 col-sm-6 masonry-item project project-padding 0a06ddbc969a0d09290ddbc4627748a3\">\n    <a class=\"zoom-line\" href=\"https:\/\/cicloescritoresnorte.com\/?portfolio=juan-jose-podesta\">        <div class=\"image-box hover-meta radius-all\">\n            <img loading=\"lazy\" decoding=\"async\" width=\"600\" height=\"450\" src=\"https:\/\/cicloescritoresnorte.com\/wp-content\/uploads\/2020\/11\/juan-jos\u00e9-podest\u00e1-600x450.png\" class=\"background-image wp-post-image\" alt=\"\" srcset=\"https:\/\/cicloescritoresnorte.com\/wp-content\/uploads\/2020\/11\/juan-jos\u00e9-podest\u00e1-600x450.png 600w, https:\/\/cicloescritoresnorte.com\/wp-content\/uploads\/2020\/11\/juan-jos\u00e9-podest\u00e1-960x720.png 960w\" sizes=\"(max-width: 600px) 100vw, 600px\" \/>            <span class=\"overlay-default\"><\/span>\n            <span class=\"plus-icon\"><\/span>\n            <div class=\"meta-caption overlay-smaller radius-all\">\n                <h4 class=\"color-white to-top mt0 mb0\">Juan Jos\u00e9 Podest\u00e1<\/h4>\n                <h5 class=\"color-white to-top-after\">Tercer Ciclo<\/h5>\n            <\/div>\n        <\/div>\n    <\/a><\/div><div class=\"col-md-3 col-sm-6 masonry-item project project-padding 0a06ddbc969a0d09290ddbc4627748a3\">\n    <a class=\"zoom-line\" href=\"https:\/\/cicloescritoresnorte.com\/?portfolio=katherina-harder\">        <div class=\"image-box hover-meta radius-all\">\n            <img loading=\"lazy\" decoding=\"async\" width=\"600\" height=\"450\" src=\"https:\/\/cicloescritoresnorte.com\/wp-content\/uploads\/2020\/11\/katherina-harder-sacre-600x450.jpg\" class=\"background-image wp-post-image\" alt=\"\" srcset=\"https:\/\/cicloescritoresnorte.com\/wp-content\/uploads\/2020\/11\/katherina-harder-sacre-600x450.jpg 600w, https:\/\/cicloescritoresnorte.com\/wp-content\/uploads\/2020\/11\/katherina-harder-sacre-960x720.jpg 960w\" sizes=\"(max-width: 600px) 100vw, 600px\" \/>            <span class=\"overlay-default\"><\/span>\n            <span class=\"plus-icon\"><\/span>\n            <div class=\"meta-caption overlay-smaller radius-all\">\n                <h4 class=\"color-white to-top mt0 mb0\">Katherina Harder<\/h4>\n                <h5 class=\"color-white to-top-after\">Tercer Ciclo<\/h5>\n            <\/div>\n        <\/div>\n    <\/a><\/div><div class=\"col-md-3 col-sm-6 masonry-item project project-padding 0a06ddbc969a0d09290ddbc4627748a3\">\n    <a class=\"zoom-line\" href=\"https:\/\/cicloescritoresnorte.com\/?portfolio=mauro-gatica-salamanca\">        <div class=\"image-box hover-meta radius-all\">\n            <img loading=\"lazy\" decoding=\"async\" width=\"600\" height=\"450\" src=\"https:\/\/cicloescritoresnorte.com\/wp-content\/uploads\/2020\/11\/mauro-gatica-600x450.jpg\" class=\"background-image wp-post-image\" alt=\"\" \/>            <span class=\"overlay-default\"><\/span>\n            <span class=\"plus-icon\"><\/span>\n            <div class=\"meta-caption overlay-smaller radius-all\">\n                <h4 class=\"color-white to-top mt0 mb0\">MAURO GATICA SALAMANCA<\/h4>\n                <h5 class=\"color-white to-top-after\">Tercer Ciclo<\/h5>\n            <\/div>\n        <\/div>\n    <\/a><\/div><div class=\"col-md-3 col-sm-6 masonry-item project project-padding 0a06ddbc969a0d09290ddbc4627748a3\">\n    <a class=\"zoom-line\" href=\"https:\/\/cicloescritoresnorte.com\/?portfolio=sergio-gonzalez-miranda\">        <div class=\"image-box hover-meta radius-all\">\n            <img loading=\"lazy\" decoding=\"async\" width=\"600\" height=\"450\" src=\"https:\/\/cicloescritoresnorte.com\/wp-content\/uploads\/2020\/11\/sergio-gonz\u00e1lez-600x450.png\" class=\"background-image wp-post-image\" alt=\"\" srcset=\"https:\/\/cicloescritoresnorte.com\/wp-content\/uploads\/2020\/11\/sergio-gonz\u00e1lez-600x450.png 600w, https:\/\/cicloescritoresnorte.com\/wp-content\/uploads\/2020\/11\/sergio-gonz\u00e1lez-960x720.png 960w\" sizes=\"(max-width: 600px) 100vw, 600px\" \/>            <span class=\"overlay-default\"><\/span>\n            <span class=\"plus-icon\"><\/span>\n            <div class=\"meta-caption overlay-smaller radius-all\">\n                <h4 class=\"color-white to-top mt0 mb0\">SERGIO GONZ\u00c1LEZ MIRANDA<\/h4>\n                <h5 class=\"color-white to-top-after\">Tercer Ciclo<\/h5>\n            <\/div>\n        <\/div>\n    <\/a><\/div><div class=\"col-md-3 col-sm-6 masonry-item project project-padding 0a06ddbc969a0d09290ddbc4627748a3\">\n    <a class=\"zoom-line\" href=\"https:\/\/cicloescritoresnorte.com\/?portfolio=francisca-palma-arriagada\">        <div class=\"image-box hover-meta radius-all\">\n            <img loading=\"lazy\" decoding=\"async\" width=\"600\" height=\"450\" src=\"https:\/\/cicloescritoresnorte.com\/wp-content\/uploads\/2020\/11\/Francisca-Palma-Arriagada-600x450.jpg\" class=\"background-image wp-post-image\" alt=\"\" srcset=\"https:\/\/cicloescritoresnorte.com\/wp-content\/uploads\/2020\/11\/Francisca-Palma-Arriagada-600x450.jpg 600w, https:\/\/cicloescritoresnorte.com\/wp-content\/uploads\/2020\/11\/Francisca-Palma-Arriagada-960x720.jpg 960w\" sizes=\"(max-width: 600px) 100vw, 600px\" \/>            <span class=\"overlay-default\"><\/span>\n            <span class=\"plus-icon\"><\/span>\n            <div class=\"meta-caption overlay-smaller radius-all\">\n                <h4 class=\"color-white to-top mt0 mb0\">Francisca Palma Arriagada<\/h4>\n                <h5 class=\"color-white to-top-after\">Tercer Ciclo<\/h5>\n            <\/div>\n        <\/div>\n    <\/a><\/div><\/div><\/div><\/section>[\/vc_column][\/vc_row]<\/p>\n<\/div>","protected":false},"excerpt":{"rendered":"<p>[vc_row full_width=\u00bbstretch_row\u00bb][vc_column][\/vc_column][\/vc_row][vc_row tlg_background_style=\u00bbbg-dark\u00bb tlg_padding=\u00bbpb0&#8243; el_id=\u00bbmain\u00bb css=\u00bb.vc_custom_1606492935160{background-color: #1e73be !important;}\u00bb][vc_column][\/vc_column][\/vc_row]<\/p>\n","protected":false},"author":1,"featured_media":8707,"parent":0,"menu_order":0,"comment_status":"closed","ping_status":"closed","template":"","meta":{"footnotes":""},"_links":{"self":[{"href":"https:\/\/cicloescritoresnorte.com\/index.php?rest_route=\/wp\/v2\/pages\/2013"}],"collection":[{"href":"https:\/\/cicloescritoresnorte.com\/index.php?rest_route=\/wp\/v2\/pages"}],"about":[{"href":"https:\/\/cicloescritoresnorte.com\/index.php?rest_route=\/wp\/v2\/types\/page"}],"author":[{"embeddable":true,"href":"https:\/\/cicloescritoresnorte.com\/index.php?rest_route=\/wp\/v2\/users\/1"}],"replies":[{"embeddable":true,"href":"https:\/\/cicloescritoresnorte.com\/index.php?rest_route=%2Fwp%2Fv2%2Fcomments&post=2013"}],"version-history":[{"count":0,"href":"https:\/\/cicloescritoresnorte.com\/index.php?rest_route=\/wp\/v2\/pages\/2013\/revisions"}],"wp:featuredmedia":[{"embeddable":true,"href":"https:\/\/cicloescritoresnorte.com\/index.php?rest_route=\/wp\/v2\/media\/8707"}],"wp:attachment":[{"href":"https:\/\/cicloescritoresnorte.com\/index.php?rest_route=%2Fwp%2Fv2%2Fmedia&parent=2013"}],"curies":[{"name":"wp","href":"https:\/\/api.w.org\/{rel}","templated":true}]}}